{"id":349,"date":"2022-04-03T17:34:19","date_gmt":"2022-04-03T15:34:19","guid":{"rendered":"https:\/\/dragon-textil.de\/de\/?page_id=349"},"modified":"2022-04-03T17:38:08","modified_gmt":"2022-04-03T15:38:08","slug":"widerrufsrecht","status":"publish","type":"page","link":"https:\/\/dragon-textil.de\/de\/widerrufsrecht\/","title":{"rendered":"Widerrufsrecht"},"content":{"rendered":"\n<p>##############################<\/p>\n\n\n\n<p>Widerrufsbelehrung\/Widerrufsrecht<\/p>\n\n\n\n<p>Sie haben das Recht, binnen vier Wochen ohne Angabe von Gr\u00fcnden diesen Vertrag zu widerrufen.<\/p>\n\n\n\n<p>Die Widerrufsfrist betr\u00e4gt vier Wochen ab dem Tag, an dem Sie oder ein von Ihnen benannter Dritter, der nicht der Bef\u00f6rderer ist, die letzte Ware in Besitz genommen haben bzw. hat.<\/p>\n\n\n\n<p>Um Ihr Widerrufsrecht auszu\u00fcben, m\u00fcssen Sie uns, die Firma<\/p>\n\n\n\n<p>Dragon Textil<\/p>\n\n\n\n<p>Carsten Wulf-Kerst<\/p>\n\n\n\n<p>Br\u00fchler Str. 72<\/p>\n\n\n\n<p>42657 Solingen<\/p>\n\n\n\n<p>Tel.: 0212 810 002<\/p>\n\n\n\n<p>Fax: 0212 810 913<\/p>\n\n\n\n<p>Mail: info@dragon-textil.de<\/p>\n\n\n\n<p>mittels einer eindeutigen Erkl\u00e4rung (z. B. ein mit der Post versandter Brief, Telefax oder E-Mail) \u00fcber Ihren Entschluss, diesen Vertrag zu widerrufen, informieren. Sie k\u00f6nnen daf\u00fcr das beigef\u00fcgte Muster-Widerrufsformular (siehe unten) verwenden, das jedoch nicht vorgeschrieben ist.<\/p>\n\n\n\n<p>Zur Wahrung der Widerrufsfrist reicht es aus, dass Sie die Mitteilung \u00fcber die Aus\u00fcbung des Widerrufsrechts vor Ablauf der Widerrufsfrist absenden.<\/p>\n\n\n\n<p>Folgen des Widerrufs<\/p>\n\n\n\n<p>Wenn Sie diesen Vertrag widerrufen, haben wir Ihnen alle Zahlungen, die wir von Ihnen erhalten haben, einschlie\u00dflich der Lieferkosten (mit Ausnahme der zus\u00e4tzlichen Kosten, die sich daraus ergeben, dass Sie eine andere Art der Lieferung als die von uns angebotene, g\u00fcnstigste Standardlieferung gew\u00e4hlt haben), unverz\u00fcglich und sp\u00e4testens binnen vierzehn Tagen ab dem Tag zur\u00fcckzuzahlen, an dem die Mitteilung \u00fcber Ihren Widerruf dieses Vertrags bei uns eingegangen ist. F\u00fcr diese R\u00fcckzahlung verwenden wir dasselbe Zahlungsmittel, das Sie bei der urspr\u00fcnglichen Transaktion eingesetzt haben, es sei denn, mit Ihnen wurde ausdr\u00fccklich etwas anderes vereinbart; in keinem Fall werden Ihnen wegen dieser R\u00fcckzahlung Entgelte berechnet. Wir k\u00f6nnen die R\u00fcckzahlung verweigern, bis wir die Waren wieder zur\u00fcckerhalten haben oder bis Sie den Nachweis erbracht haben, dass Sie die Waren zur\u00fcckgesandt haben, je nachdem, welches der fr\u00fchere Zeitpunkt ist.<\/p>\n\n\n\n<p>Sie haben die Waren unverz\u00fcglich und in jedem Fall sp\u00e4testens binnen vierzehn Tagen ab dem Tag, an dem Sie uns \u00fcber den Widerruf dieses Vertrags unterrichten, an uns, die Firma<\/p>\n\n\n\n<p>Dragon Textil, Inh. Carsten Wulf-Kerst<\/p>\n\n\n\n<p>Br\u00fchler Str. 72, 42657 Solingen<\/p>\n\n\n\n<p>zur\u00fcckzusenden oder zu \u00fcbergeben. Die Frist ist gewahrt, wenn Sie die Waren vor Ablauf der Frist von vierzehn Tagen absenden. Sie tragen die unmittelbaren Kosten der R\u00fccksendung der Waren.<\/p>\n\n\n\n<p>Sie m\u00fcssen f\u00fcr einen etwaigen Wertverlust der Waren nur aufkommen, wenn dieser Wertverlust auf einen zur Pr\u00fcfung der Beschaffenheit, Eigenschaften und Funktionsweise der Waren nicht notwendigen Umgang mit ihnen zur\u00fcckzuf\u00fchren ist.<\/p>\n\n\n\n<p>Ende der Widerrufsbelehrung<\/p>\n\n\n\n<p>Das Widerrufsrecht besteht nicht bei:<\/p>\n\n\n\n<p>\u2013 Lieferung von Waren, die nicht vorgefertigt sind und f\u00fcr deren Herstellung eine individuelle Auswahl oder Bestimmung durch den Verbraucher ma\u00dfgeblich ist oder die eindeutig auf die pers\u00f6nlichen Bed\u00fcrfnisse des Verbrauchers zugeschnitten sind.<\/p>\n\n\n\n<p>\u2013 Lieferung von Waren, die schnell verderben k\u00f6nnen oder deren Verfallsdatum schnell \u00fcberschritten w\u00fcrde.<\/p>\n\n\n\n<p>\u2013 Lieferung versiegelter Waren, die aus Gr\u00fcnden des Gesundheitsschutzes oder der Hygiene nicht zur R\u00fcckgabe geeignet sind, wenn ihre Versiegelung nach der Lieferung entfernt wurde.<\/p>\n\n\n\n<p>\u2013 Lieferung von Waren, wenn diese nach der Lieferung auf Grund ihrer Beschaffenheit untrennbar mit anderen G\u00fctern vermischt wurden.<\/p>\n\n\n\n<p>\u2013 Lieferung von Ton- oder Videoaufnahmen oder Computersoftware in einer versiegelten Packung, wenn die Versiegelung nach der Lieferung entfernt wurde.<\/p>\n\n\n\n<p>\u2013 Lieferung von Zeitungen, Zeitschriften oder Illustrierten mit Ausnahme von Abonnement-Vertr\u00e4gen.<\/p>\n\n\n\n<p>\u2013 Lieferung alkoholischer Getr\u00e4nke, deren Preis bei Vertragsschluss vereinbart wurde, die aber fr\u00fchestens 30 Tage nach Vertragsschluss geliefert werden k\u00f6nnen und deren aktueller Wert von Schwankungen auf dem Markt abh\u00e4ngt, auf die der Unternehmer keinen Einfluss hat.<\/p>\n\n\n\n<p>##############################<\/p>\n\n\n\n<p>Muster-Widerrufsformular<\/p>\n\n\n\n<p>Wenn Sie den Vertrag widerrufen wollen, dann f\u00fcllen Sie bitte dieses Formular aus und senden Sie es zur\u00fcck.<\/p>\n\n\n\n<p>An<\/p>\n\n\n\n<p>Dragon Textil<\/p>\n\n\n\n<p>Carsten Wulf-Kerst<\/p>\n\n\n\n<p>Br\u00fchler Str. 72<\/p>\n\n\n\n<p>42657 Solingen<\/p>\n\n\n\n<p>Tel.: 0212 810 002<\/p>\n\n\n\n<p>Fax: 0212 810 913<\/p>\n\n\n\n<p>Mai: info@dragon-textil.de<\/p>\n\n\n\n<p>Hiermit widerrufe(n) ich\/wir (*) den von mir\/uns (*) abgeschlossenen Vertrag \u00fcber den Kauf der folgenden Waren (*):<\/p>\n\n\n\n<p>Bestellt am \u2026\u2026\u2026\u2026. \/ erhalten am \u2026\u2026\u2026\u2026.<\/p>\n\n\n\n<p>Name des\/der Verbraucher(s): \u2026\u2026\u2026\u2026.<\/p>\n\n\n\n<p>Anschrift des\/der Verbraucher(s):\u2026\u2026\u2026\u2026.<\/p>\n\n\n\n<p>Datum \u2026\u2026\u2026\u2026\u2026\u2026\u2026\u2026.. Unterschrift des\/der Verbraucher(s) (nur bei Mitteilung auf Papier)<\/p>\n\n\n\n<p>(*) Unzutreffendes streichen.<\/p>\n\n\n\n<p>xxxxxxxxxxxxxxxxxxxxxxxxxxxxxxxx<\/p>\n\n\n\n<p>Allgemeine Hinweise zu R\u00fccksendungen<\/p>\n\n\n\n<p>Bitte vermeiden Sie Gebrauchsspuren und Besch\u00e4digungen an der Ware. Wenn m\u00f6glich senden Sie und die Ware bitte vollst\u00e4ndig und mit der originalen Verpackung zur\u00fcck.<\/p>\n\n\n\n<p>Bitte nutzen Sie in jedem Fall eine geeignete Verpackung zum Schutz vor Transportsch\u00e4den.<\/p>\n","protected":false},"excerpt":{"rendered":"<p>############################## Widerrufsbelehrung\/Widerrufsrecht Sie haben das Recht, binnen vier Wochen ohne Angabe von Gr\u00fcnden diesen Vertrag zu widerrufen. Die Widerrufsfrist betr\u00e4gt vier Wochen ab dem Tag, an dem Sie oder ein von Ihnen benannter Dritter, der nicht der Bef\u00f6rderer ist, die letzte Ware in Besitz genommen haben bzw. hat. Um Ihr Widerrufsrecht auszu\u00fcben, m\u00fcssen Sie uns, die Firma Dragon Textil Carsten Wulf-Kerst Br\u00fchler Str. 72 42657 Solingen Tel.: 0212 810 002 Fax: 0212 810 913 Mail: info@dragon-textil.de mittels einer eindeutigen Erkl\u00e4rung (z. B. ein mit der Post versandter Brief, Telefax oder E-Mail) \u00fcber Ihren Entschluss, diesen Vertrag zu widerrufen, informieren. Sie k\u00f6nnen daf\u00fcr das beigef\u00fcgte Muster-Widerrufsformular<a class=\"more-link\" href=\"https:\/\/dragon-textil.de\/de\/widerrufsrecht\/\">Read More &rarr;<\/a><\/p>\n","protected":false},"author":1,"featured_media":0,"parent":0,"menu_order":0,"comment_status":"closed","ping_status":"closed","template":"","meta":[],"aioseo_notices":[],"_links":{"self":[{"href":"https:\/\/dragon-textil.de\/de\/wp-json\/wp\/v2\/pages\/349"}],"collection":[{"href":"https:\/\/dragon-textil.de\/de\/wp-json\/wp\/v2\/pages"}],"about":[{"href":"https:\/\/dragon-textil.de\/de\/wp-json\/wp\/v2\/types\/page"}],"author":[{"embeddable":true,"href":"https:\/\/dragon-textil.de\/de\/wp-json\/wp\/v2\/users\/1"}],"replies":[{"embeddable":true,"href":"https:\/\/dragon-textil.de\/de\/wp-json\/wp\/v2\/comments?post=349"}],"version-history":[{"count":3,"href":"https:\/\/dragon-textil.de\/de\/wp-json\/wp\/v2\/pages\/349\/revisions"}],"predecessor-version":[{"id":354,"href":"https:\/\/dragon-textil.de\/de\/wp-json\/wp\/v2\/pages\/349\/revisions\/354"}],"wp:attachment":[{"href":"https:\/\/dragon-textil.de\/de\/wp-json\/wp\/v2\/media?parent=349"}],"curies":[{"name":"wp","href":"https:\/\/api.w.org\/{rel}","templated":true}]}}