{"id":341,"date":"2022-04-03T17:27:14","date_gmt":"2022-04-03T15:27:14","guid":{"rendered":"https:\/\/dragon-textil.de\/de\/?page_id=341"},"modified":"2025-05-02T10:33:26","modified_gmt":"2025-05-02T08:33:26","slug":"agb","status":"publish","type":"page","link":"https:\/\/dragon-textil.de\/de\/agb\/","title":{"rendered":"AGB"},"content":{"rendered":"\n<p>Allgemeine Gesch\u00e4ftsbedingungen der Fa. Dragon-Textil<\/p>\n\n\n\n<h5>Geltung der Bedingungen<\/h5>\n\n\n\n<p>Allen Kauf- und Liefervertr\u00e4gen liegen unsere allgemeinen Gesch\u00e4ftsbedingungen zugrunde. Diese gelten somit auch f\u00fcr alle k\u00fcnftigen Gesch\u00e4ftsbeziehungen, auch wenn sie nicht nochmals ausdr\u00fccklich vereinbart werden. Widersprechende oder erg\u00e4nzende Bedingungen des Auftraggebers, Bestellers \/ K\u00e4ufers und m\u00fcndliche Nebenabreden sind f\u00fcr uns nur verbindlich, wenn wir diese schriftlich best\u00e4tigt haben.<\/p>\n\n\n\n<h5>Vertragsabschluss<\/h5>\n\n\n\n<p>Durch das Absenden einer elektronischen Bestellung \u00fcber Dragon-Textil.de unterbreitet der Auftraggeber Dragon-Textil ein verbindliches Vertragsangebot, welches Dragon-Textil innerhalb von 10 Arbeitstagen durch Zusendung von elektronischer Auftragsbest\u00e4tigung, Rechnung oder Warenzustellung annehmen kann. Weiterhin ist Bedingung, dass der Kunde per Vorkasse bezahlt hat und Dragon-Textil alle f\u00fcr die Bearbeitung des Auftrags notwendigen Kundendruckdaten per Post oder auf elektronischem Wege erfolgreich \u00fcbermittelt hat. Unvollst\u00e4ndige oder zweifelhafte Angaben in der Bestellung\/ Auftrag, die zu Falschlieferungen f\u00fchren, gehen zu Lasten des K\u00e4ufers\/ Bestellers. Alle nachtr\u00e4glichen \u00c4nderungen auf Veranlassung des Auftraggebers werden ihm berechnet.<br>Auftrags\u00e4nderungen und -annullierungen f\u00fcr bereits bestellte oder gelieferte Ware sind nicht m\u00f6glich.<br>Im Falle der Nichtverf\u00fcgbarkeit oder bei Lieferschwierigkeiten beh\u00e4lt sich Dragon-Textil vor, innerhalb von 10 Arbeitstagen vom Vertrag durch Zusendung einer elektronischen Erkl\u00e4rung zur\u00fcckzutreten. In diesem Falle erh\u00e4lt der Auftraggeber bereits geleistete Zahlungen schnellstm\u00f6glich zur\u00fcck.<\/p>\n\n\n\n<p>Abbildungen, Abmessungen und Gewichtsangaben in Informations- und Werbeunterlagen sind unverbindlich.<br>Druckfehler, Irrt\u00fcmer und \u00c4nderungen bleiben vorbehalten.<\/p>\n\n\n\n<h5>Preise<\/h5>\n\n\n\n<p>Alle Preise (der angegebenen W\u00e4hrung) sind freibleibend und verstehen sich ab Versandort zzgl. Verpackung und Transportkosten sowie der jeweils g\u00fcltigen gesetzlichen Mehrwertsteuer.<\/p>\n\n\n\n<h5>Lieferzeiten<\/h5>\n\n\n\n<p>Alle Waren werden so schnell wie m\u00f6glich gefertigt und zu Verf\u00fcgung gestellt. Die Angaben von Lieferfristen sind grunds\u00e4tzlich unverbindlich. Schadensersatzanspr\u00fcche wegen Nichterf\u00fcllung oder versp\u00e4teter Lieferung sind ausgeschlossen. Der Kunde darf Teillieferungen nicht zur\u00fcckweisen.<\/p>\n\n\n\n<h5>Versand und Gefahren\u00fcbergang<\/h5>\n\n\n\n<p>Mit der \u00dcbergabe der Ware an den Spediteur oder Frachtf\u00fchrer, sp\u00e4testens jedoch mit dem Verlassen unserer Versandorte, geht die Gefahr auf den K\u00e4ufer\/ Besteller \u00fcber. Versandweg und Verpackung sind unserer Wahl \u00fcberlassen, ohne dass daf\u00fcr eine Haftung, au\u00dfer f\u00fcr den Fall des Vorsatzes und der groben Fahrl\u00e4ssigkeit, \u00fcbernommen wird. Expresskosten oder Sonderw\u00fcnsche (Bahnexpress, Schnellpaket) u. a. gehen zu lasten des K\u00e4ufers.<\/p>\n\n\n\n<h5>Eigentumsrecht<\/h5>\n\n\n\n<p>Kontokorrent-\/ Saldoklausel (Gesch\u00e4ftsverbindungsklausel): Der Verk\u00e4ufer beh\u00e4lt sich das Eigentum der Ware vor, bis s\u00e4mtliche Forderungen des Verk\u00e4ufers gegen den Eink\u00e4ufer aus der Gesch\u00e4ftsverbindung einschlie\u00dflich der k\u00fcnftig entstehenden Forderungen auch aus gleichzeitig oder sp\u00e4ter abgeschlossenen Vertr\u00e4gen beglichen sind. Das gilt auch dann, wenn einzelne oder s\u00e4mtliche Forderungen des Verk\u00e4ufers in eine laufende Rechnung aufgenommen wurden und der Saldo gezogen und anerkannt ist.<br>Verl\u00e4ngerter Eigentumsvorbehalt bei Weiterverkauf mit Vorausabtretungsklausel: Der K\u00e4ufer ist zur Weiterver\u00e4u\u00dferung der Vorbehaltsware im ordnungsgem\u00e4\u00dfen Gesch\u00e4ftsgang nur dann berechtigt, wenn er dem Verk\u00e4ufer schon jetzt alle Forderungen abtritt, die ihm aus der Weiterver\u00e4u\u00dferung gegen Abnehmer oder gegen Dritte erwachsen. Wird Vorbehaltsware unverarbeitet oder nach Verarbeitung oder Verbindung mit Gegenst\u00e4nden, die ausschlie\u00dflich im Eigentum des K\u00e4ufers stehen, ver\u00e4u\u00dfert, so tritt der K\u00e4ufer schon jetzt die aus der Weiterver\u00e4u\u00dferung entstehenden Forderungen in voller H\u00f6he an den Verk\u00e4ufer ab. Wird Vorbehaltsweise vom K\u00e4ufer \u2013 nach Verarbeitung\/ Verbindung zusammen mit nicht dem Verk\u00e4ufer geh\u00f6render Ware ver\u00e4u\u00dfert, so tritt der K\u00e4ufer schon jetzt die aus der Weiterver\u00e4u\u00dferung entstehenden Forderungen in H\u00f6he des Wertes der Vorbehaltsware mit allen Nebenrechten und Rang vor dem Rest ab.<br>Der Verk\u00e4ufer nimmt die Abtretung an. Zur Einziehung dieser Forderungen ist der K\u00e4ufer auch nach Abtretung erm\u00e4chtigt. Die Befugnis des Verk\u00e4ufers, die Forderungen selbst einzuziehen, bleibt hiervon unber\u00fchrt; jedoch verpflichtet sich der Verk\u00e4ufer, die Forderungen nicht einzuziehen, solange der K\u00e4ufer seinen Zahlungs- und sonstigen Verpflichtungen ordnungsgem\u00e4\u00df nachkommt. Der Verk\u00e4ufer kann verlangen, dass der K\u00e4ufer ihm die abgetretenen Forderungen und deren Schuldner bekannt gibt, alle zum Einzug erforderlichen Angaben macht, die dazu geh\u00f6rigen Unterlagen aush\u00e4ngt und den Schuldnern die Abtretung mitteilt.<\/p>\n\n\n\n<h5>Scheck-\/Wechsel-Klausel<\/h5>\n\n\n\n<p>Wird im Zusammenhang mit der Bezahlung Kaufpreises durch den K\u00e4ufer eine wechselm\u00e4\u00dfige Haftung des Verk\u00e4ufers begr\u00fcndet, so erlischt der Eigentumsvorbehalt sowie die diesem zugrunde liegende Forderung aus Warenlieferung nicht vor Einl\u00f6sung des Wechsels durch den Verk\u00e4ufer als Bezogener.<\/p>\n\n\n\n<h5>Druckerzeugnisse<\/h5>\n\n\n\n<p>Skizzen, Entw\u00fcrfe, Probesatz, Probedruck, Muster und \u00e4hnliche Vorarbeiten im Auftrag des Bestellers werden berechnet. Der Auftraggeber hat die Vertragsgem\u00e4\u00dfheit der zur Korrektur \u00fcbersandten Vor- und Zwischenerzeugnisse zu pr\u00fcfen. Die Gefahr etwaiger Fehler geht mit der Druckfreigabe durch den Auftragsgeber auf ihn \u00fcber, soweit die Fehler nicht durch technische M\u00e4ngel der Produktion verursacht werden.<br>Dies gilt auch f\u00fcr sonstige Freigaben des Auftraggebers zur weiteren Herstellung. Bei farbigen Reproduktionen in aller Druckverfahren k\u00f6nnen geringf\u00fcgige Abweichungen vom Original nicht beanstandet werden.<br>Mehr- und Minderlieferungen bis 10 % der bestellten Auflage k\u00f6nnen nicht beanstandet werden. Berechnet wird die gelieferte Menge. F\u00fcr Druckvorlagen, die auf dem Versandweg abhanden kommen, \u00fcbernehmen wir keine Haftung. Angelieferte Druckvorlagen werden dem zur Verf\u00fcgung stehenden Druckformat angepasst.<br>S\u00e4mtliche Dragon-Textil Druckprodukte sind Sonderanfertigungen und k\u00f6nnen deshalb weder umgetauscht noch zur\u00fcckgenommen werden. Vor Verwendung oder Weiterverarbeitung der Ware, sp\u00e4testens innerhalb von 10 Tagen nach Ankunft, mu\u00df ein Mangel gemeldet werden, andernfalls gilt die Ware als anstandslos angenommen.<br>R\u00fccksendungen k\u00f6nnen nur nach vorheriger schriftlicher Vereinbarung angenommen werden.<\/p>\n\n\n\n<h5>Copyright<\/h5>\n\n\n\n<p>An kreativen Leistungen, die von Dragon-Textil im Auftrage des Kunden erbracht wurden, insbesondere an von Dragon-Textil entwickelten grafischen Entw\u00fcrfen, Bild- und Textmarken, Layouts etc., beh\u00e4lt Dragon-Textil, Inhaber Carsten Wulf-Kerst alle Rechte (Copyright). Der Kunde bezahlt mit dem Entgelt f\u00fcr diese Arbeiten die erbrachte Arbeitsleistung selbst, nicht jedoch die Rechte am geistigen Eigentum, insbesondere nicht das Recht der weiteren Vervielf\u00e4ltigung. Das Copyright kann dem Auftraggeber oder einem Dritten gegen Entgelt \u00fcbertragen werden, wenn dies ausdr\u00fccklich schriftlich vereinbart wird. Der Besteller \u00fcbernimmt die Haftung daf\u00fcr, dass wir mit der Auftragsdurchf\u00fchrung keine Rechte Dritter (insbesondere Eigentums-, Urheber- undVervielf\u00e4ltigungsrechte) verletzen. Ware von Dragon-Textil kann in geeigneter Form auf sich hinweisen.<\/p>\n\n\n\n<h5>R\u00fcckgaberecht<\/h5>\n\n\n\n<p>Bei Falschlieferung sind telefonische Bestellungen von der R\u00fcckgabe ausgenommen, da hierbei ein \u00dcbermittlungsfehler vorliegen kann. R\u00fccksendungen werden ohne unser schriftliches Einverst\u00e4ndnis nicht angenommen und werden und gehen zu Lasten des<br>Versenders wieder zur\u00fcck. Bei R\u00fccksendung falsch bestellter Ware berechnen wir 10% vom Warenwert als Bearbeitungsgeb\u00fchr.<\/p>\n\n\n\n<h5>M\u00e4ngelr\u00fcgen und Gew\u00e4hrleistungen<\/h5>\n\n\n\n<p>Der K\u00e4ufer\/Besteller hat die Ware zu untersuchen und etwaige M\u00e4ngel unverz\u00fcglich, sp\u00e4testens 5 Tage nach Erhalt, schriftlich zu r\u00fcgen. M\u00e4ngel eines Teiles der gelieferten Ware berechtigt nicht zur Beanstandung der gesamten Lieferung. Versteckte M\u00e4ngel m\u00fcssen ebenfalls unverz\u00fcglich, sp\u00e4testens 8 Tage nach der Entdeckung, schriftlich ger\u00fcgt werden. Kleine handels\u00fcbliche oder technisch nicht vermeidbare Abweichungen der Qualit\u00e4t, Farbe ,des Gewichts usw. rechtfertigen keine M\u00e4ngelr\u00fcge.<br>Unberechtigte M\u00e4ngelr\u00fcgen k\u00f6nnen wir zum Anlass nehmen, vom K\u00e4ufer\/Besteller die Erstattung der uns entstandenen Kosten zu verlangen. Sind die Beanstandungen berechtigt, leisten wir nach Pr\u00fcfung eine Nachbesserung, einen Preisnachlass oder<br>vollwertigen Ersatz. Schl\u00e4gt die Nachbesserung bzw. die Ersatzlieferung fehl, kann der K\u00e4ufer\/Besteller die R\u00fcckg\u00e4ngigmachung des Vertrages verlangen. Dieselben Rechte stehen dem K\u00e4ufer\/Besteller zu, wenn wir die M\u00e4ngelbeseitigung oder Ersatzlieferung zu Unrecht verweigern oder damit in Verzug geraten und der K\u00e4ufer\/Besteller uns eine angemessene Nachfrist, die fruchtlos abgelaufen ist, gesetzt hat. Die Mangelhaftung bezieht sich nicht auf nat\u00fcrliche Abnutzung, auf Sch\u00e4den, die nach dem Gefahren\u00fcbergang infolge fehlerhafter oder nachl\u00e4ssiger Behandlung, \u00fcberm\u00e4\u00dfiger Beanspruchung oder sonstiger nachteiliger, von uns nicht zu vertretender Einfl\u00fcsse entstehen. Verluste oder Besch\u00e4digungen auf dem Transport sind vom Empf\u00e4nger beim Transporteur zu reklamieren. Dieses gilt auch bei einem Schaden, bei dem eine Besch\u00e4digung der Verpackung nicht sichtbar ist. Eine Haftung f\u00fcr Sch\u00e4den,<br>die aus dem Gebrauch von elektronischen Ger\u00e4ten, Software und \u00e4hnlichen Artikeln entstehen, schlie\u00dfen wir aus.<\/p>\n\n\n\n<h5>Daten und Auftragsunterlagen des Auftraggebers<\/h5>\n\n\n\n<p>Die Sendung\/R\u00fccksendung von Daten oder anderen Auftragsunterlagen an den Auftraggeber oder einen Dritten erfolgt gegen Entgelt.<\/p>\n\n\n\n<h5>Zahlung<\/h5>\n\n\n\n<p>Die Zahlung \u201cNettopreise zuz\u00fcglich Mehrwertsteuer\u201d erfolgt grunds\u00e4tzlich per Vorkasse und wird mit Absenden des Online Bestellformulars f\u00e4llig. Sie \u00fcberweisen den Rechnungsbetrag nach Abschluss Ihrer Bestellung auf unser Konto. Ihr Auftrag wird nach Zahlungseingang bearbeitet. Die angegebenen Versand- und Liefertermine verschieben sich entsprechend.<\/p>\n\n\n\n<h5>Wichtiger Hinweis<\/h5>\n\n\n\n<p>Ihre Anschrift haben wir in unserer EDV-Anlage gespeichert. Bitte teilen Sie uns Anschrifts\u00e4nderungen mit, damit wir Ihnen unsere aktuellen Angebote unterbreiten k\u00f6nnen. Sofern Sie mit Speicherungen Ihrer Daten nicht einverstanden sind, veranlassen wir die<br>sofortige L\u00f6schung.<br>Auftr\u00e4ge unter 10,- \u20ac netto k\u00f6nnen nicht ausgef\u00fchrt werden. Bei einem Auftragswert unter 30,- \u20ac netto wird ein Mindermengenzuschlag von 5,- \u20ac berechnet. Bei Bestellen unter 18 Jahren ist die Unterschrift der Erziehungsberechtigten erforderlich. Bei Lieferungen sind wir grunds\u00e4tzlich berechtigt, produktionsbedingte \u00dcber- und Unterlieferungen bis zu 10% vorzunehmen.<br>Die vorstehenden Gesch\u00e4ftsbedingungen sind unter allen Umst\u00e4nden verbindlich und k\u00f6nnen durch Bekanntgabe Ihrer eigenen Einkaufbedingungen nicht abge\u00e4ndert werden. Sollten Bestimmungen dieser allgemeinen Gesch\u00e4ftsbedingungen ganz oder teilweise rechtunwirksam sein oder werden, bleibt die Wirksamkeit der \u00fcbrigen Bestimmungen davon unber\u00fchrt. F\u00fcr alle Rechtsbeziehungen zwischen dem Besteller und uns gilt das Recht der Bundesrepublik Deutschland, besonders das BGB, HGB und das Gesetz \u00fcber die allgemeinen Gesch\u00e4ftsbedingungen. Gerichtsstand in Solingen<\/p>\n\n\n\n<p>Dragon-Textil<\/p>\n\n\n\n<p><strong>Inh. Christina Clauberg<\/strong><\/p>\n","protected":false},"excerpt":{"rendered":"<p>Allgemeine Gesch\u00e4ftsbedingungen der Fa. Dragon-Textil Geltung der Bedingungen Allen Kauf- und Liefervertr\u00e4gen liegen unsere allgemeinen Gesch\u00e4ftsbedingungen zugrunde. Diese gelten somit auch f\u00fcr alle k\u00fcnftigen Gesch\u00e4ftsbeziehungen, auch wenn sie nicht nochmals ausdr\u00fccklich vereinbart werden. Widersprechende oder erg\u00e4nzende Bedingungen des Auftraggebers, Bestellers \/ K\u00e4ufers und m\u00fcndliche Nebenabreden sind f\u00fcr uns nur verbindlich, wenn wir diese schriftlich best\u00e4tigt haben. Vertragsabschluss Durch das Absenden einer elektronischen Bestellung \u00fcber Dragon-Textil.de unterbreitet der Auftraggeber Dragon-Textil ein verbindliches Vertragsangebot, welches Dragon-Textil innerhalb von 10 Arbeitstagen durch Zusendung von elektronischer Auftragsbest\u00e4tigung, Rechnung oder Warenzustellung annehmen kann. Weiterhin ist Bedingung, dass der Kunde per Vorkasse bezahlt hat und Dragon-Textil alle f\u00fcr die Bearbeitung des<a class=\"more-link\" href=\"https:\/\/dragon-textil.de\/de\/agb\/\">Read More &rarr;<\/a><\/p>\n","protected":false},"author":1,"featured_media":327,"parent":0,"menu_order":0,"comment_status":"closed","ping_status":"closed","template":"","meta":[],"aioseo_notices":[],"_links":{"self":[{"href":"https:\/\/dragon-textil.de\/de\/wp-json\/wp\/v2\/pages\/341"}],"collection":[{"href":"https:\/\/dragon-textil.de\/de\/wp-json\/wp\/v2\/pages"}],"about":[{"href":"https:\/\/dragon-textil.de\/de\/wp-json\/wp\/v2\/types\/page"}],"author":[{"embeddable":true,"href":"https:\/\/dragon-textil.de\/de\/wp-json\/wp\/v2\/users\/1"}],"replies":[{"embeddable":true,"href":"https:\/\/dragon-textil.de\/de\/wp-json\/wp\/v2\/comments?post=341"}],"version-history":[{"count":3,"href":"https:\/\/dragon-textil.de\/de\/wp-json\/wp\/v2\/pages\/341\/revisions"}],"predecessor-version":[{"id":531,"href":"https:\/\/dragon-textil.de\/de\/wp-json\/wp\/v2\/pages\/341\/revisions\/531"}],"wp:featuredmedia":[{"embeddable":true,"href":"https:\/\/dragon-textil.de\/de\/wp-json\/wp\/v2\/media\/327"}],"wp:attachment":[{"href":"https:\/\/dragon-textil.de\/de\/wp-json\/wp\/v2\/media?parent=341"}],"curies":[{"name":"wp","href":"https:\/\/api.w.org\/{rel}","templated":true}]}}