{"id":337,"date":"2022-04-03T16:57:12","date_gmt":"2022-04-03T14:57:12","guid":{"rendered":"https:\/\/dragon-textil.de\/de\/?page_id=337"},"modified":"2025-05-02T10:48:14","modified_gmt":"2025-05-02T08:48:14","slug":"ueber-uns","status":"publish","type":"page","link":"https:\/\/dragon-textil.de\/de\/ueber-uns\/","title":{"rendered":"\u00dcber uns"},"content":{"rendered":"\n<p>Unser inhabergef\u00fchrtes Unternehmen, produziert und vertreibt seit \u00fcber 30 Jahren Qualit\u00e4t f\u00fcr Freizeit, Marketing und Beruf.<\/p>\n\n\n\n<p>In 2. Generation liefern und fertigen wir Arbeitsbekleidung und Druckware s\u00e4mtlicher Art, vom Einzelteil bis hin zur Serie.<\/p>\n\n\n\n<p>Mit viel Liebe zum Detail arbeiten wir mit unserem Team daran uns st\u00e4ndig zu verbessern und setzen dabei besonders auf pers\u00f6nliche Beratung und Service zum fairen Preis.<\/p>\n\n\n\n<p>Unsere langj\u00e4hrigen Partnerschaften best\u00e4tigen uns unsere Zuverl\u00e4ssigkeit und Kompetenz.<\/p>\n\n\n\n<p>Wir lieben was wir tun!<\/p>\n\n\n\n<p><strong><em>Christina Clauberg<\/em><\/strong><\/p>\n","protected":false},"excerpt":{"rendered":"<p>Mit viel Liebe zum Detail arbeiten wir mit unserem Team daran, uns st\u00e4ndig zu verbessern und setzen dabei besonders auf pers\u00f6nliche Beratung und Service zum fairen Preis.<a class=\"more-link\" href=\"https:\/\/dragon-textil.de\/de\/ueber-uns\/\">Read More &rarr;<\/a><\/p>\n","protected":false},"author":1,"featured_media":327,"parent":0,"menu_order":0,"comment_status":"closed","ping_status":"closed","template":"","meta":[],"aioseo_notices":[],"_links":{"self":[{"href":"https:\/\/dragon-textil.de\/de\/wp-json\/wp\/v2\/pages\/337"}],"collection":[{"href":"https:\/\/dragon-textil.de\/de\/wp-json\/wp\/v2\/pages"}],"about":[{"href":"https:\/\/dragon-textil.de\/de\/wp-json\/wp\/v2\/types\/page"}],"author":[{"embeddable":true,"href":"https:\/\/dragon-textil.de\/de\/wp-json\/wp\/v2\/users\/1"}],"replies":[{"embeddable":true,"href":"https:\/\/dragon-textil.de\/de\/wp-json\/wp\/v2\/comments?post=337"}],"version-history":[{"count":4,"href":"https:\/\/dragon-textil.de\/de\/wp-json\/wp\/v2\/pages\/337\/revisions"}],"predecessor-version":[{"id":537,"href":"https:\/\/dragon-textil.de\/de\/wp-json\/wp\/v2\/pages\/337\/revisions\/537"}],"wp:featuredmedia":[{"embeddable":true,"href":"https:\/\/dragon-textil.de\/de\/wp-json\/wp\/v2\/media\/327"}],"wp:attachment":[{"href":"https:\/\/dragon-textil.de\/de\/wp-json\/wp\/v2\/media?parent=337"}],"curies":[{"name":"wp","href":"https:\/\/api.w.org\/{rel}","templated":true}]}}