{"id":192,"date":"2015-04-21T23:46:41","date_gmt":"2015-04-21T23:46:41","guid":{"rendered":"http:\/\/demo.wphoot.com\/dispatch\/?page_id=192"},"modified":"2025-02-10T12:32:18","modified_gmt":"2025-02-10T11:32:18","slug":"arbeitsschuhe","status":"publish","type":"page","link":"https:\/\/dragon-textil.de\/de\/content-boxes\/arbeitsschuhe\/","title":{"rendered":"Arbeitsschuhe"},"content":{"rendered":"<div class=\"entry-the-content\">\n<p>Wir bieten ihnen eine vielseitige Auswahl an <a href=\"https:\/\/www.dragontextil.de\/index.php?cl=search&amp;listtype=search&amp;actcontrol=search&amp;searchparam=Arbeitsschuhe&amp;catid%5B%5D=53450\">Arbeitsschuhen<\/a>, in allen Sicherheitsklassen (OB-O4 und SB-S5).<\/p>\n<p>Egal ob Baustelle, B\u00fcro, in der K\u00fcche, oder in der Pflege, ob Metallfrei oder Vegan, wir haben den richtigen Schuh f\u00fcr Sie.<\/p>\n<p>Komplettiert wird die Auswahl unseres Onlineshops mit Marken die sie vor Ort in unserem Ladenlokal anprobieren k\u00f6nnen.<\/p>\n<p>Wir f\u00fchren Hochwertige Marken wie Lemaitre, Stabilus, Payper, Elten und AWC.<\/p>\n<p>Die Gr\u00f6\u00dfen reichen von 35-52.<\/p>\n<\/div>\n","protected":false},"excerpt":{"rendered":"<p>f\u00fcr Profis<a class=\"more-link\" href=\"https:\/\/dragon-textil.de\/de\/content-boxes\/arbeitsschuhe\/\">Read More &rarr;<\/a><\/p>\n","protected":false},"author":1,"featured_media":333,"parent":260,"menu_order":0,"comment_status":"open","ping_status":"closed","template":"","meta":[],"aioseo_notices":[],"_links":{"self":[{"href":"https:\/\/dragon-textil.de\/de\/wp-json\/wp\/v2\/pages\/192"}],"collection":[{"href":"https:\/\/dragon-textil.de\/de\/wp-json\/wp\/v2\/pages"}],"about":[{"href":"https:\/\/dragon-textil.de\/de\/wp-json\/wp\/v2\/types\/page"}],"author":[{"embeddable":true,"href":"https:\/\/dragon-textil.de\/de\/wp-json\/wp\/v2\/users\/1"}],"replies":[{"embeddable":true,"href":"https:\/\/dragon-textil.de\/de\/wp-json\/wp\/v2\/comments?post=192"}],"version-history":[{"count":5,"href":"https:\/\/dragon-textil.de\/de\/wp-json\/wp\/v2\/pages\/192\/revisions"}],"predecessor-version":[{"id":521,"href":"https:\/\/dragon-textil.de\/de\/wp-json\/wp\/v2\/pages\/192\/revisions\/521"}],"up":[{"embeddable":true,"href":"https:\/\/dragon-textil.de\/de\/wp-json\/wp\/v2\/pages\/260"}],"wp:featuredmedia":[{"embeddable":true,"href":"https:\/\/dragon-textil.de\/de\/wp-json\/wp\/v2\/media\/333"}],"wp:attachment":[{"href":"https:\/\/dragon-textil.de\/de\/wp-json\/wp\/v2\/media?parent=192"}],"curies":[{"name":"wp","href":"https:\/\/api.w.org\/{rel}","templated":true}]}}