{"id":191,"date":"2015-04-21T23:46:39","date_gmt":"2015-04-21T23:46:39","guid":{"rendered":"http:\/\/demo.wphoot.com\/dispatch\/?page_id=191"},"modified":"2025-02-10T12:29:22","modified_gmt":"2025-02-10T11:29:22","slug":"berufsbekleidung","status":"publish","type":"page","link":"https:\/\/dragon-textil.de\/de\/content-boxes\/berufsbekleidung\/","title":{"rendered":"Berufsbekleidung"},"content":{"rendered":"<p>Wir f\u00fchren ein gro\u00dfes Sortiment an Berufs- und Sicherheitskleidung f\u00fcr alle Branchen.<\/p>\n<p>Zus\u00e4tzlich zu den Artikeln in unserem <a href=\"https:\/\/www.dragontextil.de\/\" target=\"_blank\" rel=\"noopener\">Onlineshop<\/a> finden Sie Arbeitshosen und Jacken von diversen Marken in unserem Ladenlokal.<\/p>\n<ul>\n<li>Dassy<\/li>\n<li>Payper<\/li>\n<li>Weitblick<\/li>\n<li>Exner<\/li>\n<li>Qualitex<\/li>\n<li>Result<\/li>\n<li>Excess<\/li>\n<\/ul>\n<p>Au\u00dferdem haben wir durch Asatex und Feldtmann zuverl\u00e4ssige Lieferanten f\u00fcr Sicherheits- und Schutzbekleidung an unserer Seite.<\/p>\n<p>Sie m\u00f6chten Ihre Mitarbeiter einheitlich ausstatten?<\/p>\n<p>Egal ob Handwerk, Industrie, Pflege oder K\u00fcche, wir erstellen Ihnen gerne ein pers\u00f6nliches Angebot und liefern Ihnen auch Muster.<\/p>\n","protected":false},"excerpt":{"rendered":"<p>f\u00fcr alle Branchen<a class=\"more-link\" href=\"https:\/\/dragon-textil.de\/de\/content-boxes\/berufsbekleidung\/\">Read More &rarr;<\/a><\/p>\n","protected":false},"author":1,"featured_media":330,"parent":260,"menu_order":0,"comment_status":"open","ping_status":"closed","template":"","meta":[],"aioseo_notices":[],"_links":{"self":[{"href":"https:\/\/dragon-textil.de\/de\/wp-json\/wp\/v2\/pages\/191"}],"collection":[{"href":"https:\/\/dragon-textil.de\/de\/wp-json\/wp\/v2\/pages"}],"about":[{"href":"https:\/\/dragon-textil.de\/de\/wp-json\/wp\/v2\/types\/page"}],"author":[{"embeddable":true,"href":"https:\/\/dragon-textil.de\/de\/wp-json\/wp\/v2\/users\/1"}],"replies":[{"embeddable":true,"href":"https:\/\/dragon-textil.de\/de\/wp-json\/wp\/v2\/comments?post=191"}],"version-history":[{"count":7,"href":"https:\/\/dragon-textil.de\/de\/wp-json\/wp\/v2\/pages\/191\/revisions"}],"predecessor-version":[{"id":519,"href":"https:\/\/dragon-textil.de\/de\/wp-json\/wp\/v2\/pages\/191\/revisions\/519"}],"up":[{"embeddable":true,"href":"https:\/\/dragon-textil.de\/de\/wp-json\/wp\/v2\/pages\/260"}],"wp:featuredmedia":[{"embeddable":true,"href":"https:\/\/dragon-textil.de\/de\/wp-json\/wp\/v2\/media\/330"}],"wp:attachment":[{"href":"https:\/\/dragon-textil.de\/de\/wp-json\/wp\/v2\/media?parent=191"}],"curies":[{"name":"wp","href":"https:\/\/api.w.org\/{rel}","templated":true}]}}