{"id":187,"date":"2015-04-21T23:45:38","date_gmt":"2015-04-21T23:45:38","guid":{"rendered":"http:\/\/demo.wphoot.com\/dispatch\/?page_id=187"},"modified":"2025-02-10T12:11:24","modified_gmt":"2025-02-10T11:11:24","slug":"lieferung","status":"publish","type":"page","link":"https:\/\/dragon-textil.de\/de\/content-boxes\/lieferung\/","title":{"rendered":"Lieferung"},"content":{"rendered":"<p>Liefern, versenden, abholen, kein Problem!<\/p>\n<p>Wir versenden Ihre Bestellungen in der Regel per DHL, sollten sie eine Lieferung mit einem anderen Lieferservice w\u00fcnschen,ist das kein Problem,\u00a0 teilen sie uns dies bitte mit.<\/p>\n<p>Gerne k\u00f6nnen sie Ware in unserem Ladenlokal auch selber anliefern oder abholen. In und um Solingen liefern wir dringende Auftr\u00e4ge auch gerne pers\u00f6nlich oder holen zu bedruckende Artikel bei Ihnen ab.<\/p>\n<p>Die Versandkosten richten sich nach Gr\u00f6\u00dfe und Gewicht des Paketes.<\/p>\n<p>F\u00fcr noch offene <a href=\"https:\/\/dragon-textil.de\/de\/kontakt\/\">Fragen<\/a> stehen wir Ihnen selbstverst\u00e4ndlich gerne zur Verf\u00fcgung.<\/p>\n\n\n<p><\/p>\n","protected":false},"excerpt":{"rendered":"<p>Liefern, versenden, abholen, kein Problem!<a class=\"more-link\" href=\"https:\/\/dragon-textil.de\/de\/content-boxes\/lieferung\/\">Read More &rarr;<\/a><\/p>\n","protected":false},"author":1,"featured_media":305,"parent":260,"menu_order":0,"comment_status":"open","ping_status":"closed","template":"","meta":[],"aioseo_notices":[],"_links":{"self":[{"href":"https:\/\/dragon-textil.de\/de\/wp-json\/wp\/v2\/pages\/187"}],"collection":[{"href":"https:\/\/dragon-textil.de\/de\/wp-json\/wp\/v2\/pages"}],"about":[{"href":"https:\/\/dragon-textil.de\/de\/wp-json\/wp\/v2\/types\/page"}],"author":[{"embeddable":true,"href":"https:\/\/dragon-textil.de\/de\/wp-json\/wp\/v2\/users\/1"}],"replies":[{"embeddable":true,"href":"https:\/\/dragon-textil.de\/de\/wp-json\/wp\/v2\/comments?post=187"}],"version-history":[{"count":4,"href":"https:\/\/dragon-textil.de\/de\/wp-json\/wp\/v2\/pages\/187\/revisions"}],"predecessor-version":[{"id":516,"href":"https:\/\/dragon-textil.de\/de\/wp-json\/wp\/v2\/pages\/187\/revisions\/516"}],"up":[{"embeddable":true,"href":"https:\/\/dragon-textil.de\/de\/wp-json\/wp\/v2\/pages\/260"}],"wp:featuredmedia":[{"embeddable":true,"href":"https:\/\/dragon-textil.de\/de\/wp-json\/wp\/v2\/media\/305"}],"wp:attachment":[{"href":"https:\/\/dragon-textil.de\/de\/wp-json\/wp\/v2\/media?parent=187"}],"curies":[{"name":"wp","href":"https:\/\/api.w.org\/{rel}","templated":true}]}}