{"id":16,"date":"2015-01-11T16:38:50","date_gmt":"2015-01-11T16:38:50","guid":{"rendered":"http:\/\/demo.wphoot.com\/chromatic\/?page_id=16"},"modified":"2022-04-03T16:49:28","modified_gmt":"2022-04-03T14:49:28","slug":"textildruck","status":"publish","type":"page","link":"https:\/\/dragon-textil.de\/de\/content-boxes\/textildruck\/","title":{"rendered":"Textildruck"},"content":{"rendered":"\n<p>Wir drucken f\u00fcr Sie<\/p>\n\n\n\n<p>Wir haben das beste Druckverfahren f\u00fcr Ihren Auftrag.<\/p>\n\n\n\n<p>Gerne beraten wir Sie auch pers\u00f6nlich und liefern Ihnen Druckmuster. Wenn gew\u00fcnscht, \u00fcbernehmen wir auch die Grafikerstellung oder Bearbeitung f\u00fcr Sie. Wir arbeiten mit Affinity, Corel Draw und Photoshop.<\/p>\n\n\n\n<h5><strong>Flex und Flock<\/strong><\/h5>\n\n\n\n<p>Flex: latexartige Oberfl\u00e4che, elastisch<\/p>\n\n\n\n<p>Flock: samtartige Oberfl\u00e4che, leicht erhaben<\/p>\n\n\n\n<p>Geplottete Folie, klare Linien,<\/p>\n\n\n\n<p>intensive Farben und Sonderfarben (z. B. Glitzer, Reflektion, Neon, \u201cglow in the dark\u201d).<\/p>\n\n\n\n<p>geeignet f\u00fcr Baumwolle, Mischgewebe<\/p>\n\n\n\n<h5><strong>Toner-Transferdruck<\/strong><\/h5>\n\n\n\n<p>Farbverl\u00e4ufe m\u00f6glich,<\/p>\n\n\n\n<p>sehr gute Haltbarkeit,<\/p>\n\n\n\n<p>Druck auf helle und dunkle Textilien,<\/p>\n\n\n\n<p>geeignet f\u00fcr Baumwolle, Mischgewebe,<\/p>\n\n\n\n<h5><strong>Sublimationsdruck<\/strong><\/h5>\n\n\n\n<p>Farbverl\u00e4ufe m\u00f6glich<\/p>\n\n\n\n<p>Farbe dringt in Textil ein, Druck nicht f\u00fchlbar<\/p>\n\n\n\n<p>Druck auf helle Textilien<\/p>\n\n\n\n<p>geeignet nur f\u00fcr Polyester-Textilien<\/p>\n\n\n\n<h5><strong>Stick<\/strong><\/h5>\n\n\n\n<p>Sehr rei\u00dffest,<\/p>\n\n\n\n<p>hohe Deckkraft,<\/p>\n\n\n\n<p>hochwertige Optik,<\/p>\n\n\n\n<p>lange Haltbarkeit<\/p>\n\n\n\n<p>edles Erscheinungsbild<\/p>\n\n\n\n<p>Stickpatches zum Aufb\u00fcgeln<\/p>\n\n\n\n<h5><strong>Siebdruck<\/strong><\/h5>\n\n\n\n<p>Siebstruktur ist z.T. erkennbar (S\u00e4gezahneffekt)<\/p>\n\n\n\n<p>starker, f\u00fchlbarer Farbauftrag.<\/p>\n\n\n\n<p>leuchtende Farben, vor allem auf dunklen Untergr\u00fcnden.<\/p>\n\n\n\n<p>besonders f\u00fcr gro\u00dfe St\u00fcckzahlen geeignet<\/p>\n","protected":false},"excerpt":{"rendered":"<p>Wir drucken f\u00fcr Sie<a class=\"more-link\" href=\"https:\/\/dragon-textil.de\/de\/content-boxes\/textildruck\/\">Read More &rarr;<\/a><\/p>\n","protected":false},"author":1,"featured_media":327,"parent":260,"menu_order":0,"comment_status":"open","ping_status":"closed","template":"","meta":[],"aioseo_notices":[],"_links":{"self":[{"href":"https:\/\/dragon-textil.de\/de\/wp-json\/wp\/v2\/pages\/16"}],"collection":[{"href":"https:\/\/dragon-textil.de\/de\/wp-json\/wp\/v2\/pages"}],"about":[{"href":"https:\/\/dragon-textil.de\/de\/wp-json\/wp\/v2\/types\/page"}],"author":[{"embeddable":true,"href":"https:\/\/dragon-textil.de\/de\/wp-json\/wp\/v2\/users\/1"}],"replies":[{"embeddable":true,"href":"https:\/\/dragon-textil.de\/de\/wp-json\/wp\/v2\/comments?post=16"}],"version-history":[{"count":3,"href":"https:\/\/dragon-textil.de\/de\/wp-json\/wp\/v2\/pages\/16\/revisions"}],"predecessor-version":[{"id":328,"href":"https:\/\/dragon-textil.de\/de\/wp-json\/wp\/v2\/pages\/16\/revisions\/328"}],"up":[{"embeddable":true,"href":"https:\/\/dragon-textil.de\/de\/wp-json\/wp\/v2\/pages\/260"}],"wp:featuredmedia":[{"embeddable":true,"href":"https:\/\/dragon-textil.de\/de\/wp-json\/wp\/v2\/media\/327"}],"wp:attachment":[{"href":"https:\/\/dragon-textil.de\/de\/wp-json\/wp\/v2\/media?parent=16"}],"curies":[{"name":"wp","href":"https:\/\/api.w.org\/{rel}","templated":true}]}}